{"id":1362,"date":"2026-03-01T16:36:12","date_gmt":"2026-03-01T14:36:12","guid":{"rendered":"https:\/\/soulluxurytravel.com\/?page_id=1362"},"modified":"2026-03-18T10:45:23","modified_gmt":"2026-03-18T08:45:23","slug":"pieteikums","status":"publish","type":"page","link":"https:\/\/soulluxurytravel.com\/en\/pieteikums\/","title":{"rendered":"Pieteikums"},"content":{"rendered":"<div id=\"fws_69f2a270729cf\"  data-column-margin=\"default\" data-midnight=\"dark\" data-top-percent=\"6%\" data-bottom-percent=\"2%\"  class=\"wpb_row vc_row-fluid vc_row\"  style=\"padding-top: calc(100vw * 0.06); padding-bottom: calc(100vw * 0.02); \"><div class=\"row-bg-wrap\" data-bg-animation=\"none\" data-bg-animation-delay=\"\" data-bg-overlay=\"false\"><div class=\"inner-wrap row-bg-layer\" ><div class=\"row-bg viewport-desktop\"  style=\"\"><\/div><\/div><\/div><div class=\"row_col_wrap_12 col span_12 dark left\">\n\t<div  class=\"vc_col-sm-12 wpb_column column_container vc_column_container col no-extra-padding inherit_tablet inherit_phone\"  data-padding-pos=\"all\" data-has-bg-color=\"false\" data-bg-color=\"\" data-bg-opacity=\"1\" data-animation=\"\" data-delay=\"0\" >\n\t\t<div class=\"vc_column-inner\" >\n\t\t\t<div class=\"wpb_wrapper\">\n\t\t\t\t<h1 style=\"text-align: center\" class=\"vc_custom_heading vc_custom_1773339929470\" >Pieteikums ce\u013cojumam<\/h1>\n\t\t\t<\/div> \n\t\t<\/div>\n\t<\/div> \n<\/div><\/div>\n\t\t<div id=\"fws_69f2a27073566\"  data-column-margin=\"default\" data-midnight=\"dark\" data-top-percent=\"2%\" data-bottom-percent=\"6%\"  class=\"wpb_row vc_row-fluid vc_row full-width-content vc_row-o-equal-height vc_row-flex vc_row-o-content-top  reverse_columns_column_tablet reverse_columns_column_phone bottom_padding_tablet_6pct bottom_padding_phone_16pct right_padding_tablet_8pct left_padding_tablet_8pct\"  style=\"padding-top: calc(100vw * 0.02); padding-bottom: calc(100vw * 0.06); \"><div class=\"row-bg-wrap\" data-bg-animation=\"none\" data-bg-animation-delay=\"\" data-bg-overlay=\"false\"><div class=\"inner-wrap row-bg-layer\" ><div class=\"row-bg viewport-desktop\"  style=\"\"><\/div><\/div><\/div><div class=\"row_col_wrap_12 col span_12 dark left\">\n\t<div  class=\"vc_col-sm-6 wpb_column column_container vc_column_container col centered-text el_spacing_0px left_margin_phone_0px left_padding_tablet_0px left_padding_phone_0px top_padding_tablet_40px top_padding_phone_40px\"  data-padding-pos=\"all\" data-has-bg-color=\"false\" data-bg-color=\"\" data-bg-opacity=\"1\" data-animation=\"\" data-delay=\"0\" >\n\t\t<div class=\"vc_column-inner\" >\n\t\t\t<div class=\"wpb_wrapper\">\n\t\t\t\t<div id=\"fws_69f2a27073c31\" data-midnight=\"\" data-column-margin=\"default\" class=\"wpb_row vc_row-fluid vc_row inner_row  left_padding_20pct left_padding_tablet_0px left_padding_phone_0px\"  style=\"\"><div class=\"row-bg-wrap\"> <div class=\"row-bg\" ><\/div> <\/div><div class=\"row_col_wrap_12_inner col span_12  left\">\n\t<div style=\"\" class=\"vc_col-sm-12 wpb_column column_container vc_column_container col child_column no-extra-padding inherit_tablet inherit_phone\"  data-using-bg=\"true\" data-bg-cover=\"true\" data-padding-pos=\"all\" data-has-bg-color=\"false\" data-bg-color=\"\" data-bg-opacity=\"1\" data-animation=\"\" data-delay=\"0\" >\n\t\t<div class=\"vc_column-inner\" ><div class=\"column-image-bg-wrap column-bg-layer viewport-desktop\" data-n-parallax-bg=\"true\" data-parallax-speed=\"very_subtle\" data-bg-pos=\"center center\" data-bg-animation=\"none\" data-bg-overlay=\"false\"><div class=\"inner-wrap\"><div class=\"column-image-bg parallax-layer\" style=\" background-image: url('https:\/\/soulluxurytravel.com\/wp-content\/uploads\/2026\/03\/niyama--scaled.jpg'); \"><\/div><\/div><\/div>\n\t\t<div class=\"wpb_wrapper\">\n\t\t\t<div class=\"divider-wrap height_tablet_70vh height_phone_60vh\" data-alignment=\"default\"><div style=\"height: 100vh;\" class=\"divider\"><\/div><\/div>\n\t\t<\/div> \n\t<\/div>\n\t<\/div> \n<\/div><\/div><div id=\"fws_69f2a2707479e\" data-midnight=\"\" data-column-margin=\"default\" class=\"wpb_row vc_row-fluid vc_row inner_row  left_padding_20pct nectar-overflow-hidden left_padding_tablet_0px left_padding_phone_0px\"  style=\"\"><div class=\"row-bg-wrap\"> <div class=\"row-bg\" ><\/div> <\/div><div class=\"row_col_wrap_12_inner col span_12  left\">\n\t<div  class=\"vc_col-sm-12 wpb_column column_container vc_column_container col child_column centered-text no-extra-padding force-desktop-text-align-left inherit_tablet inherit_phone\"   data-padding-pos=\"all\" data-has-bg-color=\"false\" data-bg-color=\"\" data-bg-opacity=\"1\" data-animation=\"\" data-delay=\"0\" >\n\t\t<div class=\"vc_column-inner\" >\n\t\t<div class=\"wpb_wrapper\">\n\t\t\t<div class=\"divider-wrap\" data-alignment=\"default\"><div style=\"height: 25px;\" class=\"divider\"><\/div><\/div>\n<div class=\"wpb_text_column wpb_content_element  text_direction_ltr\" >\n\t<div class=\"wpb_wrapper\">\n\t\t<p>Darbojoties t\u016brisma industrij\u0101 jau vair\u0101k k\u0101 19 gadus, uzkr\u0101to zin\u0101\u0161anu un pieredzes rezult\u0101t\u0101, esam non\u0101ku\u0161i pie izteikta favor\u012btgalam\u0113r\u0137a &#8211; Mald\u012bvu sal\u0101m. Izaugsmes un att\u012bst\u012bbas v\u012bzijas rezult\u0101t\u0101, tika rad\u012bts jauns z\u012bmols.<\/p>\n<p>Tiem, kas no ce\u013cojuma pieredzes sagaida vair\u0101k, k\u0101 ierasts &#8211; esiet non\u0101ku\u0161i \u012bstaj\u0101 viet\u0101.<\/p>\n\t<\/div>\n<\/div>\n\n\n\n\n\t\t<\/div> \n\t<\/div>\n\t<\/div> \n<\/div><\/div>\n\t\t\t<\/div> \n\t\t<\/div>\n\t<\/div> \n\n\t<div  class=\"vc_col-sm-6 wpb_column column_container vc_column_container col left_padding_desktop_8pct left_padding_tablet_8pct left_padding_phone_0px right_padding_desktop_16pct right_padding_tablet_16pct right_padding_phone_0px\"  data-padding-pos=\"all\" data-has-bg-color=\"false\" data-bg-color=\"\" data-bg-opacity=\"1\" data-animation=\"\" data-delay=\"0\" >\n\t\t<div class=\"vc_column-inner\" >\n\t\t\t<div class=\"wpb_wrapper\">\n\t\t\t\t\n<div class=\"wpb_text_column wpb_content_element\" >\n\t<div class=\"wpb_wrapper\">\n\t\t<p>Lai m\u0113s lab\u0101k var\u0113tu izprast J\u016bsu ce\u013cojuma v\u0113lmes un iesp\u0113jas, l\u016bgums aizpild\u012bt anketu un m\u0113s ar Jums sazin\u0101simies bezmaksas konsult\u0101cijai!<\/p>\n\t<\/div>\n<\/div>\n\n\n\n<div class=\"divider-wrap\" data-alignment=\"default\"><div style=\"height: 25px;\" class=\"divider\"><\/div><\/div>\n<div class=\"wpcf7 no-js\" id=\"wpcf7-f1364-o1\" lang=\"en-US\" dir=\"ltr\" data-wpcf7-id=\"1364\">\n<div class=\"screen-reader-response\"><p role=\"status\" aria-live=\"polite\" aria-atomic=\"true\"><\/p> <ul><\/ul><\/div>\n<form action=\"\/en\/wp-json\/wp\/v2\/pages\/1362#wpcf7-f1364-o1\" method=\"post\" class=\"wpcf7-form init\" aria-label=\"Contact form\" novalidate=\"novalidate\" data-status=\"init\" data-trp-original-action=\"\/en\/wp-json\/wp\/v2\/pages\/1362#wpcf7-f1364-o1\">\n<fieldset class=\"hidden-fields-container\"><input type=\"hidden\" name=\"_wpcf7\" value=\"1364\" \/><input type=\"hidden\" name=\"_wpcf7_version\" value=\"6.1.5\" \/><input type=\"hidden\" name=\"_wpcf7_locale\" value=\"en_US\" \/><input type=\"hidden\" name=\"_wpcf7_unit_tag\" value=\"wpcf7-f1364-o1\" \/><input type=\"hidden\" name=\"_wpcf7_container_post\" value=\"0\" \/><input type=\"hidden\" name=\"_wpcf7_posted_data_hash\" value=\"\" \/><input type=\"hidden\" name=\"_wpcf7_recaptcha_response\" value=\"\" \/>\n<\/fieldset>\n<style>\n.form-field { margin-bottom: 16px; }\n.form-helper-text {\n display: block;\n font-size: 11px;\n font-weight: 300;\n color: #a89880;\n margin-top: 2px;\n margin-bottom: 0px;\n}\n.form-field .wpcf7-form-control-wrap {\n margin-top: -15px;\n display: block;\n}\n<\/style>\n<p><label> Name, Surname<br \/>\n<span class=\"wpcf7-form-control-wrap\" data-name=\"vardsuzvards\"><input size=\"40\" maxlength=\"400\" class=\"wpcf7-form-control wpcf7-text\" aria-invalid=\"false\" value=\"\" type=\"text\" name=\"vardsuzvards\" \/><\/span> <\/label>\n<\/p>\n<p><label> Email<br \/>\n<span class=\"wpcf7-form-control-wrap\" data-name=\"email-895\"><input size=\"40\" maxlength=\"400\" class=\"wpcf7-form-control wpcf7-email wpcf7-validates-as-required wpcf7-text wpcf7-validates-as-email\" aria-required=\"true\" aria-invalid=\"false\" value=\"\" type=\"email\" name=\"email-895\" \/><\/span> <\/label>\n<\/p>\n<p><label> Phone number<br \/>\n<span class=\"wpcf7-form-control-wrap\" data-name=\"tel-855\"><input size=\"40\" maxlength=\"400\" class=\"wpcf7-form-control wpcf7-tel wpcf7-text wpcf7-validates-as-tel\" aria-invalid=\"false\" value=\"\" type=\"tel\" name=\"tel-855\" \/><\/span> <\/label>\n<\/p>\n<p><label> Ce\u013cojuma galam\u0113r\u0137is<br \/>\n<span class=\"wpcf7-form-control-wrap\" data-name=\"galamerkis\"><input size=\"40\" maxlength=\"400\" class=\"wpcf7-form-control wpcf7-text\" aria-invalid=\"false\" value=\"\" type=\"text\" name=\"galamerkis\" \/><\/span><\/label>\n<\/p>\n<p><label> Preferred travel dates<br \/>\n<span class=\"wpcf7-form-control-wrap\" data-name=\"datumi\"><input size=\"40\" maxlength=\"400\" class=\"wpcf7-form-control wpcf7-text\" aria-invalid=\"false\" value=\"\" type=\"text\" name=\"datumi\" \/><\/span><\/label>\n<\/p>\n<p><label> Number of nights on-site<br \/>\n<span class=\"wpcf7-form-control-wrap\" data-name=\"naksuskaits\"><input size=\"40\" maxlength=\"400\" class=\"wpcf7-form-control wpcf7-text\" aria-invalid=\"false\" value=\"\" type=\"text\" name=\"naksuskaits\" \/><\/span><\/label>\n<\/p>\n<p><label> Vai nepiecie\u0161ama pal\u012bdz\u012bba ar\u012b ar avio bi\u013ce\u0161u ieg\u0101di ?<br \/>\n<span class=\"wpcf7-form-control-wrap\" data-name=\"bilesuiegade\"><input size=\"40\" maxlength=\"400\" class=\"wpcf7-form-control wpcf7-text\" aria-invalid=\"false\" value=\"\" type=\"text\" name=\"bilesuiegade\" \/><\/span><\/label>\n<\/p>\n<p><label> Aptuvenais v\u0113lamais bud\u017eets (no-l\u012bdz)<br \/>\n<span class=\"wpcf7-form-control-wrap\" data-name=\"budzets\"><input size=\"40\" maxlength=\"400\" class=\"wpcf7-form-control wpcf7-text\" aria-invalid=\"false\" value=\"\" type=\"text\" name=\"budzets\" \/><\/span><\/label>\n<\/p>\n<div class=\"form-field\">\n\t<p><label>Personu skaits, ce\u013cojuma personu sast\u0101vs<\/label><br \/>\n<span class=\"form-helper-text\">Ja ce\u013cojumu pl\u0101nojiet ar b\u0113rniem, l\u016bdzu nor\u0101d\u012bt b\u0113rnu vecumu.<\/span><br \/>\n<span class=\"wpcf7-form-control-wrap\" data-name=\"personas\"><input size=\"40\" maxlength=\"400\" class=\"wpcf7-form-control wpcf7-text\" aria-invalid=\"false\" value=\"\" type=\"text\" name=\"personas\" \/><\/span>\n\t<\/p>\n<\/div>\n<div class=\"form-field\">\n\t<p><label>J\u016bsu ce\u013cojuma v\u0113lmes *<\/label><br \/>\n<span class=\"form-helper-text\">L\u016bgums nor\u0101d\u012bt jebk\u0101du info, ko sagaidiet no ce\u013cojuma, kas Jums ir \u012bpa\u0161i svar\u012bgi.<\/span><br \/>\n<span class=\"wpcf7-form-control-wrap\" data-name=\"komentari\"><textarea cols=\"40\" rows=\"10\" maxlength=\"2000\" class=\"wpcf7-form-control wpcf7-textarea\" aria-invalid=\"false\" name=\"komentari\"><\/textarea><\/span>\n\t<\/p>\n<\/div>\n<p><label style=\"display:flex;align-items:center;gap:8px;cursor:pointer;\"><br \/>\n<span class=\"wpcf7-form-control-wrap\" data-name=\"acceptance\"><span class=\"wpcf7-form-control wpcf7-acceptance\"><span class=\"wpcf7-list-item\"><input type=\"checkbox\" name=\"acceptance\" value=\"1\" aria-invalid=\"false\" \/><\/span><\/span><\/span> I agree to the data processing and privacy policy<br \/>\n<\/label>\n<\/p>\n<p><input class=\"wpcf7-form-control wpcf7-submit has-spinner\" type=\"submit\" value=\"Send\" \/>\n<\/p><div class=\"wpcf7-response-output\" aria-hidden=\"true\"><\/div>\n<input type=\"hidden\" name=\"trp-form-language\" value=\"en\"\/><\/form>\n<\/div>\n<div class=\"divider-wrap\" data-alignment=\"default\"><div style=\"height: 25px;\" class=\"divider\"><\/div><\/div>\n<div class=\"wpb_text_column wpb_content_element\" >\n\t<div class=\"wpb_wrapper\">\n\t\t<p>* Ja ce\u013cojuma galam\u0113r\u0137is ir Mald\u012bvu salas. L\u016bdzu nor\u0101d\u012bt v\u0113lamo villas tipu ( \u016bdens vai pludmales villa), v\u0113lamo \u0113din\u0101\u0161anas tipu ( brokastis + vakari\u0146as \/ brokastis + pusdienas + vakari\u0146as \/ All Inclusive), v\u0113lamo transf\u0113ra veidu (seaplane, laiva), citas priorit\u0101tes (piem\u0113ram, m\u0101jas rifa pieejam\u012bba).<\/p>\n\t<\/div>\n<\/div>\n\n\n\n\n\t\t\t<\/div> \n\t\t<\/div>\n\t<\/div> \n<\/div><\/div>","protected":false},"excerpt":{"rendered":"Pieteikums ce\u013cojumam Darbojoties t\u016brisma industrij\u0101 jau vair\u0101k k\u0101 19 gadus, uzkr\u0101to zin\u0101\u0161anu un pieredzes rezult\u0101t\u0101, esam non\u0101ku\u0161i pie izteikta favor\u012btgalam\u0113r\u0137a - Mald\u012bvu sal\u0101m. Izaugsmes un att\u012bst\u012bbas v\u012bzijas rezult\u0101t\u0101, tika rad\u012bts...","protected":false},"author":4,"featured_media":104,"parent":0,"menu_order":0,"comment_status":"closed","ping_status":"closed","template":"template-no-header-footer.php","meta":{"footnotes":""},"class_list":["post-1362","page","type-page","status-publish","has-post-thumbnail"],"yoast_head":"<!-- This site is optimized with the Yoast SEO plugin v27.1.1 - https:\/\/yoast.com\/product\/yoast-seo-wordpress\/ -->\n<title>Soul Luxury Travel - Mald\u012bvu salu ce\u013cojumu eksperti<\/title>\n<meta name=\"description\" content=\"Aizpildiet \u012bsu anketu m\u016bsu m\u0101jaslap\u0101 un sa\u0146emiet personaliz\u0113tu pied\u0101v\u0101jumu un bezmaksas konsult\u0101ciju j\u016bsu ce\u013cojumam uz Mald\u012bvu sal\u0101m!\" \/>\n<meta name=\"robots\" content=\"index, follow, max-snippet:-1, max-image-preview:large, max-video-preview:-1\" \/>\n<link rel=\"canonical\" href=\"https:\/\/soulluxurytravel.com\/en\/pieteikums\/\" \/>\n<meta property=\"og:locale\" content=\"en_US\" \/>\n<meta property=\"og:type\" content=\"article\" \/>\n<meta property=\"og:title\" content=\"Soul Luxury Travel - Mald\u012bvu salu ce\u013cojumu eksperti\" \/>\n<meta property=\"og:description\" content=\"Aizpildiet \u012bsu anketu m\u016bsu m\u0101jaslap\u0101 un sa\u0146emiet personaliz\u0113tu pied\u0101v\u0101jumu un bezmaksas konsult\u0101ciju j\u016bsu ce\u013cojumam uz Mald\u012bvu sal\u0101m!\" \/>\n<meta property=\"og:url\" content=\"https:\/\/soulluxurytravel.com\/en\/pieteikums\/\" \/>\n<meta property=\"og:site_name\" content=\"Soul Luxury Travel\" \/>\n<meta property=\"article:publisher\" content=\"https:\/\/www.facebook.com\/soulluxurytravel\" \/>\n<meta property=\"article:modified_time\" content=\"2026-03-18T08:45:23+00:00\" \/>\n<meta property=\"og:image\" content=\"https:\/\/soulluxurytravel.com\/wp-content\/uploads\/2021\/11\/mike-swigunski-NfFDxzd8IOo-unsplash-small.jpg\" \/>\n\t<meta property=\"og:image:width\" content=\"650\" \/>\n\t<meta property=\"og:image:height\" content=\"663\" \/>\n\t<meta property=\"og:image:type\" content=\"image\/jpeg\" \/>\n<meta name=\"twitter:card\" content=\"summary_large_image\" \/>\n<meta name=\"twitter:label1\" content=\"Est. reading time\" \/>\n\t<meta name=\"twitter:data1\" content=\"3 minutes\" \/>\n<script type=\"application\/ld+json\" class=\"yoast-schema-graph\">{\"@context\":\"https:\/\/schema.org\",\"@graph\":[{\"@type\":\"WebPage\",\"@id\":\"https:\/\/soulluxurytravel.com\/en\/pieteikums\/\",\"url\":\"https:\/\/soulluxurytravel.com\/en\/pieteikums\/\",\"name\":\"Soul Luxury Travel - Mald\u012bvu salu ce\u013cojumu eksperti\",\"isPartOf\":{\"@id\":\"https:\/\/soulluxurytravel.com\/en\/#website\"},\"primaryImageOfPage\":{\"@id\":\"https:\/\/soulluxurytravel.com\/en\/pieteikums\/#primaryimage\"},\"image\":{\"@id\":\"https:\/\/soulluxurytravel.com\/en\/pieteikums\/#primaryimage\"},\"thumbnailUrl\":\"https:\/\/soulluxurytravel.com\/wp-content\/uploads\/2021\/11\/mike-swigunski-NfFDxzd8IOo-unsplash-small.jpg\",\"datePublished\":\"2026-03-01T14:36:12+00:00\",\"dateModified\":\"2026-03-18T08:45:23+00:00\",\"description\":\"Aizpildiet \u012bsu anketu m\u016bsu m\u0101jaslap\u0101 un sa\u0146emiet personaliz\u0113tu pied\u0101v\u0101jumu un bezmaksas konsult\u0101ciju j\u016bsu ce\u013cojumam uz Mald\u012bvu sal\u0101m!\",\"breadcrumb\":{\"@id\":\"https:\/\/soulluxurytravel.com\/en\/pieteikums\/#breadcrumb\"},\"inLanguage\":\"en-US\",\"potentialAction\":[{\"@type\":\"ReadAction\",\"target\":[\"https:\/\/soulluxurytravel.com\/en\/pieteikums\/\"]}]},{\"@type\":\"ImageObject\",\"inLanguage\":\"en-US\",\"@id\":\"https:\/\/soulluxurytravel.com\/en\/pieteikums\/#primaryimage\",\"url\":\"https:\/\/soulluxurytravel.com\/wp-content\/uploads\/2021\/11\/mike-swigunski-NfFDxzd8IOo-unsplash-small.jpg\",\"contentUrl\":\"https:\/\/soulluxurytravel.com\/wp-content\/uploads\/2021\/11\/mike-swigunski-NfFDxzd8IOo-unsplash-small.jpg\",\"width\":650,\"height\":663,\"caption\":\"Soul Luxury Travel - Mald\u012bvu salu ce\u013cojumu eksperti\"},{\"@type\":\"BreadcrumbList\",\"@id\":\"https:\/\/soulluxurytravel.com\/en\/pieteikums\/#breadcrumb\",\"itemListElement\":[{\"@type\":\"ListItem\",\"position\":1,\"name\":\"Soul Luxury Travel\",\"item\":\"https:\/\/soulluxurytravel.com\/en\/\"},{\"@type\":\"ListItem\",\"position\":2,\"name\":\"Pieteikums\"}]},{\"@type\":\"WebSite\",\"@id\":\"https:\/\/soulluxurytravel.com\/en\/#website\",\"url\":\"https:\/\/soulluxurytravel.com\/en\/\",\"name\":\"Soul Luxury Travel\",\"description\":\"Travel and live with your Soul\",\"publisher\":{\"@id\":\"https:\/\/soulluxurytravel.com\/en\/#organization\"},\"alternateName\":\"Soul Luxury Travel\",\"potentialAction\":[{\"@type\":\"SearchAction\",\"target\":{\"@type\":\"EntryPoint\",\"urlTemplate\":\"https:\/\/soulluxurytravel.com\/en\/?s={search_term_string}\"},\"query-input\":{\"@type\":\"PropertyValueSpecification\",\"valueRequired\":true,\"valueName\":\"search_term_string\"}}],\"inLanguage\":\"en-US\"},{\"@type\":\"Organization\",\"@id\":\"https:\/\/soulluxurytravel.com\/en\/#organization\",\"name\":\"Soul Luxury Travel\",\"alternateName\":\"Soul Luxury Travel\",\"url\":\"https:\/\/soulluxurytravel.com\/en\/\",\"logo\":{\"@type\":\"ImageObject\",\"inLanguage\":\"en-US\",\"@id\":\"https:\/\/soulluxurytravel.com\/en\/#\/schema\/logo\/image\/\",\"url\":\"https:\/\/soulluxurytravel.com\/wp-content\/uploads\/2024\/10\/cropped-Copy-of-Classy-Modern-Minimal-Name-Logo-4.png\",\"contentUrl\":\"https:\/\/soulluxurytravel.com\/wp-content\/uploads\/2024\/10\/cropped-Copy-of-Classy-Modern-Minimal-Name-Logo-4.png\",\"width\":512,\"height\":512,\"caption\":\"Soul Luxury Travel\"},\"image\":{\"@id\":\"https:\/\/soulluxurytravel.com\/en\/#\/schema\/logo\/image\/\"},\"sameAs\":[\"https:\/\/www.facebook.com\/soulluxurytravel\",\"https:\/\/www.instagram.com\/soulluxurytravel\/\"]}]}<\/script>\n<!-- \/ Yoast SEO plugin. -->","yoast_head_json":{"title":"Soul Luxury Travel - Mald\u012bvu salu ce\u013cojumu eksperti","description":"Aizpildiet \u012bsu anketu m\u016bsu m\u0101jaslap\u0101 un sa\u0146emiet personaliz\u0113tu pied\u0101v\u0101jumu un bezmaksas konsult\u0101ciju j\u016bsu ce\u013cojumam uz Mald\u012bvu sal\u0101m!","robots":{"index":"index","follow":"follow","max-snippet":"max-snippet:-1","max-image-preview":"max-image-preview:large","max-video-preview":"max-video-preview:-1"},"canonical":"https:\/\/soulluxurytravel.com\/en\/pieteikums\/","og_locale":"en_US","og_type":"article","og_title":"Soul Luxury Travel - Mald\u012bvu salu ce\u013cojumu eksperti","og_description":"Aizpildiet \u012bsu anketu m\u016bsu m\u0101jaslap\u0101 un sa\u0146emiet personaliz\u0113tu pied\u0101v\u0101jumu un bezmaksas konsult\u0101ciju j\u016bsu ce\u013cojumam uz Mald\u012bvu sal\u0101m!","og_url":"https:\/\/soulluxurytravel.com\/en\/pieteikums\/","og_site_name":"Soul Luxury Travel","article_publisher":"https:\/\/www.facebook.com\/soulluxurytravel","article_modified_time":"2026-03-18T08:45:23+00:00","og_image":[{"width":650,"height":663,"url":"https:\/\/soulluxurytravel.com\/wp-content\/uploads\/2021\/11\/mike-swigunski-NfFDxzd8IOo-unsplash-small.jpg","type":"image\/jpeg"}],"twitter_card":"summary_large_image","twitter_misc":{"Est. reading time":"3 minutes"},"schema":{"@context":"https:\/\/schema.org","@graph":[{"@type":"WebPage","@id":"https:\/\/soulluxurytravel.com\/en\/pieteikums\/","url":"https:\/\/soulluxurytravel.com\/en\/pieteikums\/","name":"Soul Luxury Travel - Mald\u012bvu salu ce\u013cojumu eksperti","isPartOf":{"@id":"https:\/\/soulluxurytravel.com\/en\/#website"},"primaryImageOfPage":{"@id":"https:\/\/soulluxurytravel.com\/en\/pieteikums\/#primaryimage"},"image":{"@id":"https:\/\/soulluxurytravel.com\/en\/pieteikums\/#primaryimage"},"thumbnailUrl":"https:\/\/soulluxurytravel.com\/wp-content\/uploads\/2021\/11\/mike-swigunski-NfFDxzd8IOo-unsplash-small.jpg","datePublished":"2026-03-01T14:36:12+00:00","dateModified":"2026-03-18T08:45:23+00:00","description":"Aizpildiet \u012bsu anketu m\u016bsu m\u0101jaslap\u0101 un sa\u0146emiet personaliz\u0113tu pied\u0101v\u0101jumu un bezmaksas konsult\u0101ciju j\u016bsu ce\u013cojumam uz Mald\u012bvu sal\u0101m!","breadcrumb":{"@id":"https:\/\/soulluxurytravel.com\/en\/pieteikums\/#breadcrumb"},"inLanguage":"en-US","potentialAction":[{"@type":"ReadAction","target":["https:\/\/soulluxurytravel.com\/en\/pieteikums\/"]}]},{"@type":"ImageObject","inLanguage":"en-US","@id":"https:\/\/soulluxurytravel.com\/en\/pieteikums\/#primaryimage","url":"https:\/\/soulluxurytravel.com\/wp-content\/uploads\/2021\/11\/mike-swigunski-NfFDxzd8IOo-unsplash-small.jpg","contentUrl":"https:\/\/soulluxurytravel.com\/wp-content\/uploads\/2021\/11\/mike-swigunski-NfFDxzd8IOo-unsplash-small.jpg","width":650,"height":663,"caption":"Soul Luxury Travel - Mald\u012bvu salu ce\u013cojumu eksperti"},{"@type":"BreadcrumbList","@id":"https:\/\/soulluxurytravel.com\/en\/pieteikums\/#breadcrumb","itemListElement":[{"@type":"ListItem","position":1,"name":"Soul Luxury Travel","item":"https:\/\/soulluxurytravel.com\/en\/"},{"@type":"ListItem","position":2,"name":"Pieteikums"}]},{"@type":"WebSite","@id":"https:\/\/soulluxurytravel.com\/en\/#website","url":"https:\/\/soulluxurytravel.com\/en\/","name":"Soul Luxury Travel","description":"Travel and live with your Soul","publisher":{"@id":"https:\/\/soulluxurytravel.com\/en\/#organization"},"alternateName":"Soul Luxury Travel","potentialAction":[{"@type":"SearchAction","target":{"@type":"EntryPoint","urlTemplate":"https:\/\/soulluxurytravel.com\/en\/?s={search_term_string}"},"query-input":{"@type":"PropertyValueSpecification","valueRequired":true,"valueName":"search_term_string"}}],"inLanguage":"en-US"},{"@type":"Organization","@id":"https:\/\/soulluxurytravel.com\/en\/#organization","name":"Soul Luxury Travel","alternateName":"Soul Luxury Travel","url":"https:\/\/soulluxurytravel.com\/en\/","logo":{"@type":"ImageObject","inLanguage":"en-US","@id":"https:\/\/soulluxurytravel.com\/en\/#\/schema\/logo\/image\/","url":"https:\/\/soulluxurytravel.com\/wp-content\/uploads\/2024\/10\/cropped-Copy-of-Classy-Modern-Minimal-Name-Logo-4.png","contentUrl":"https:\/\/soulluxurytravel.com\/wp-content\/uploads\/2024\/10\/cropped-Copy-of-Classy-Modern-Minimal-Name-Logo-4.png","width":512,"height":512,"caption":"Soul Luxury Travel"},"image":{"@id":"https:\/\/soulluxurytravel.com\/en\/#\/schema\/logo\/image\/"},"sameAs":["https:\/\/www.facebook.com\/soulluxurytravel","https:\/\/www.instagram.com\/soulluxurytravel\/"]}]}},"_links":{"self":[{"href":"https:\/\/soulluxurytravel.com\/en\/wp-json\/wp\/v2\/pages\/1362","targetHints":{"allow":["GET"]}}],"collection":[{"href":"https:\/\/soulluxurytravel.com\/en\/wp-json\/wp\/v2\/pages"}],"about":[{"href":"https:\/\/soulluxurytravel.com\/en\/wp-json\/wp\/v2\/types\/page"}],"author":[{"embeddable":true,"href":"https:\/\/soulluxurytravel.com\/en\/wp-json\/wp\/v2\/users\/4"}],"replies":[{"embeddable":true,"href":"https:\/\/soulluxurytravel.com\/en\/wp-json\/wp\/v2\/comments?post=1362"}],"version-history":[{"count":50,"href":"https:\/\/soulluxurytravel.com\/en\/wp-json\/wp\/v2\/pages\/1362\/revisions"}],"predecessor-version":[{"id":1440,"href":"https:\/\/soulluxurytravel.com\/en\/wp-json\/wp\/v2\/pages\/1362\/revisions\/1440"}],"wp:featuredmedia":[{"embeddable":true,"href":"https:\/\/soulluxurytravel.com\/en\/wp-json\/wp\/v2\/media\/104"}],"wp:attachment":[{"href":"https:\/\/soulluxurytravel.com\/en\/wp-json\/wp\/v2\/media?parent=1362"}],"curies":[{"name":"wp","href":"https:\/\/api.w.org\/{rel}","templated":true}]}}