{"id":9,"date":"2021-11-14T01:43:47","date_gmt":"2021-11-14T01:43:47","guid":{"rendered":"https:\/\/themenectar.com\/salient\/architect\/?page_id=9"},"modified":"2026-03-13T10:09:04","modified_gmt":"2026-03-13T08:09:04","slug":"kontakti","status":"publish","type":"page","link":"https:\/\/soulluxurytravel.com\/en\/kontakti\/","title":{"rendered":"Soul Luxury Travel &#8211; Mald\u012bvu salu ce\u013cojumu eksperti"},"content":{"rendered":"<div id=\"fws_69f2a222068f2\"  data-column-margin=\"default\" data-midnight=\"dark\" data-top-percent=\"8%\" data-bottom-percent=\"6%\"  class=\"wpb_row vc_row-fluid vc_row full-width-content vc_row-o-equal-height vc_row-flex vc_row-o-content-middle  reverse_columns_column_tablet reverse_columns_column_phone right_padding_tablet_8pct left_padding_tablet_8pct\"  style=\"padding-top: calc(100vw * 0.08); padding-bottom: calc(100vw * 0.06); \"><div class=\"row-bg-wrap\" data-bg-animation=\"none\" data-bg-animation-delay=\"\" data-bg-overlay=\"false\"><div class=\"inner-wrap row-bg-layer\" ><div class=\"row-bg viewport-desktop\"  style=\"\"><\/div><\/div><\/div><div class=\"row_col_wrap_12 col span_12 dark left\">\n\t<div  class=\"vc_col-sm-6 wpb_column column_container vc_column_container col padding-8-percent no-extra-padding_tablet no-extra-padding_phone\"  data-padding-pos=\"all\" data-has-bg-color=\"false\" data-bg-color=\"\" data-bg-opacity=\"1\" data-animation=\"\" data-delay=\"0\" >\n\t\t<div class=\"vc_column-inner\" >\n\t\t\t<div class=\"wpb_wrapper\">\n\t\t\t\t<div id=\"fws_69f2a222073a6\" data-midnight=\"\" data-column-margin=\"none\" class=\"wpb_row vc_row-fluid vc_row inner_row  top_padding_tablet_8pct\"  style=\"padding-bottom: 10px; \"><div class=\"row-bg-wrap\"> <div class=\"row-bg\" ><\/div> <\/div><div class=\"row_col_wrap_12_inner col span_12  left\">\n\t<div  class=\"vc_col-sm-12 wpb_column column_container vc_column_container col child_column has-animation no-extra-padding inherit_tablet inherit_phone\"   data-padding-pos=\"all\" data-has-bg-color=\"false\" data-bg-color=\"\" data-bg-opacity=\"1\" data-animation=\"fade-in-from-bottom\" data-delay=\"0\" >\n\t\t<div class=\"vc_column-inner\" >\n\t\t<div class=\"wpb_wrapper\">\n\t\t\t\n<div class=\"wpb_text_column wpb_content_element\" >\n\t<div class=\"wpb_wrapper\">\n\t\t<h5>CONTACTS<\/h5>\n\t<\/div>\n<\/div>\n\n\n\n\n\t\t<\/div> \n\t<\/div>\n\t<\/div> \n<\/div><\/div><div class=\"nectar-split-heading  font_size_3vw\" data-align=\"default\" data-m-align=\"inherit\" data-text-effect=\"default\" data-animation-type=\"line-reveal-by-space\" data-animation-delay=\"0\" data-animation-offset=\"\" data-m-rm-animation=\"\" data-stagger=\"true\" data-custom-font-size=\"true\" style=\"font-size: 3vw; line-height: 3.3vw;\"><h1 style=\" color: #000000;\">Soul Luxury Travel<\/h1><\/div><div id=\"fws_69f2a2220819a\" data-midnight=\"\" data-column-margin=\"none\" class=\"wpb_row vc_row-fluid vc_row inner_row  right_padding_tablet_25pct right_padding_phone_0px\"  style=\"\"><div class=\"row-bg-wrap\"> <div class=\"row-bg\" ><\/div> <\/div><div class=\"row_col_wrap_12_inner col span_12  left\">\n\t<div  class=\"vc_col-sm-12 wpb_column column_container vc_column_container col child_column has-animation no-extra-padding el_spacing_0px inherit_tablet inherit_phone\"   data-padding-pos=\"all\" data-has-bg-color=\"false\" data-bg-color=\"\" data-bg-opacity=\"1\" data-animation=\"fade-in-from-bottom\" data-delay=\"0\" >\n\t\t<div class=\"vc_column-inner\" >\n\t\t<div class=\"wpb_wrapper\">\n\t\t\t<div class=\"nectar-split-heading  font_size_1-1vw font_size_tablet_18px font_size_phone_16px font_line_height_1-7\" data-align=\"default\" data-m-align=\"inherit\" data-text-effect=\"none\" data-animation-type=\"line-reveal-by-space\" data-animation-delay=\"0\" data-animation-offset=\"\" data-m-rm-animation=\"\" data-stagger=\"\" data-custom-font-size=\"true\" style=\"font-size: 1.1vw; line-height: 1.21vw;\"><p >LLC \"Soulluxurytravel\"<br \/>\nReg. No.: 40203614369<\/p><\/div>\n<div class=\"wpb_text_column wpb_content_element  vc_custom_1743790156797\" >\n\t<div class=\"wpb_wrapper\">\n\t\t<h4><\/h4>\n<h4>Safety and Guarantees:<\/h4>\n<p>Member of the Tourist Agents and Tour Operators Database, holding special permit number: TATO 2025-16.<br \/>\nAs a travel organizer and provider of comprehensive tourism services, we ensure the security of clients\u2019 payments through a guarantee in cooperation with the insurance company AAS \u201cBalta.\u201d<\/p>\n\t<\/div>\n<\/div>\n\n\n\n\n<div class=\"wpb_text_column wpb_content_element  vc_custom_1725370662097\" >\n\t<div class=\"wpb_wrapper\">\n\t\t<h4>Adress<\/h4>\n<div data-align=\"default\" data-m-align=\"inherit\" data-text-effect=\"none\" data-animation-type=\"line-reveal-by-space\" data-animation-delay=\"0\" data-animation-offset=\"\" data-m-rm-animation=\"\" data-stagger=\"\" data-custom-font-size=\"true\">\n<p>Ra\u0146\u0137a Dambis 30 \u2013 130<br \/>\nRiga, Latvia<br \/>\n(In-person meetings by prior appointment)<\/p>\n<\/div>\n\t<\/div>\n<\/div>\n\n\n\n\n\t\t<\/div> \n\t<\/div>\n\t<\/div> \n<\/div><\/div><div id=\"fws_69f2a22208e14\" data-midnight=\"\" data-column-margin=\"none\" class=\"wpb_row vc_row-fluid vc_row inner_row vc_row-o-content-top top_padding_tablet_30px\"  style=\"padding-top: 50px; \"><div class=\"row-bg-wrap\"> <div class=\"row-bg\" ><\/div> <\/div><div class=\"row_col_wrap_12_inner col span_12  left\">\n\t<div  class=\"vc_col-sm-8 vc_col-xs-12 wpb_column column_container vc_column_container col child_column no-extra-padding el_spacing_0px inherit_tablet padding-3-percent_phone\"    data-t-w-inherits=\"small_desktop\" data-padding-pos=\"bottom\" data-has-bg-color=\"false\" data-bg-color=\"\" data-bg-opacity=\"1\" data-animation=\"\" data-delay=\"0\" >\n\t\t<div class=\"vc_column-inner\" >\n\t\t<div class=\"wpb_wrapper\">\n\t\t\t\n<div class=\"wpb_text_column wpb_content_element  vc_custom_1773388883433\" >\n\t<div class=\"wpb_wrapper\">\n\t\t<h4>Sa\u0146emiet bezmaksas konsult\u0101ciju:<\/h4>\n<div data-align=\"default\" data-m-align=\"inherit\" data-text-effect=\"none\" data-animation-type=\"line-reveal-by-space\" data-animation-delay=\"0\" data-animation-offset=\"\" data-m-rm-animation=\"\" data-stagger=\"\" data-custom-font-size=\"true\">\n<p>Lai rezerv\u0113tu ce\u013cojumu, aizpildiet pieteikuma formu vai sazinieties ar mums jums \u0113rt\u0101kaj\u0101 veid\u0101!<\/p>\n<\/div>\n\t<\/div>\n<\/div>\n\n\n\n<div class=\"nectar-cta  hover_color_bfad95 border_color_bfad95 hover_border_color_bfad95 border_thickness_1px alignment_tablet_default alignment_phone_default display_tablet_inherit display_phone_inherit\" data-color=\"accent-color\" data-using-bg=\"true\" data-style=\"arrow-animation\" data-display=\"block\" data-alignment=\"left\" data-text-color=\"custom\" style=\"margin-top: 40px; \"><h5 style=\"color: #ffffff;\"><span class=\"link_wrap\" style=\"padding-top: 15px; padding-right: 40px; padding-bottom: 15px; padding-left: 40px;\"><a  class=\"link_text\" role=\"button\" href=\"\/en\/pieteikums\/\"><span class=\"text\">Pieteikt ce\u013cojumu<\/span><svg class=\"next-arrow\" aria-hidden=\"true\" width=\"20px\" height=\"25px\" viewbox=\"0 0 50 80\" xml:space=\"preserve\">\n  <polyline stroke=\"#ffffff\" stroke-width=\"9\" fill=\"none\" stroke-linecap=\"round\" stroke-linejoin=\"round\" points=\"0, 0 45, 40 0, 80\"\/>\n  <\/svg>  <span class=\"line\"  style=\"background-color: #ffffff;\"><\/span> <\/a><\/span><\/h5><\/div>\n\t\t<\/div> \n\t<\/div>\n\t<\/div> \n\n\t<div  class=\"vc_col-sm-4 wpb_column column_container vc_column_container col child_column no-extra-padding inherit_tablet inherit_phone\"   data-padding-pos=\"all\" data-has-bg-color=\"false\" data-bg-color=\"\" data-bg-opacity=\"1\" data-animation=\"\" data-delay=\"0\" >\n\t\t<div class=\"vc_column-inner\" >\n\t\t<div class=\"wpb_wrapper\">\n\t\t\t\n\t\t<\/div> \n\t<\/div>\n\t<\/div> \n<\/div><\/div><div id=\"fws_69f2a22209bd0\" data-midnight=\"\" data-column-margin=\"none\" class=\"wpb_row vc_row-fluid vc_row inner_row  top_padding_tablet_30px\"  style=\"padding-top: 40px; \"><div class=\"row-bg-wrap\"> <div class=\"row-bg\" ><\/div> <\/div><div class=\"row_col_wrap_12_inner col span_12  left\">\n\t<div  class=\"vc_col-sm-12 vc_col-xs-12 wpb_column column_container vc_column_container col child_column no-extra-padding el_spacing_0px inherit_tablet padding-3-percent_phone\"    data-t-w-inherits=\"small_desktop\" data-padding-pos=\"bottom\" data-has-bg-color=\"false\" data-bg-color=\"\" data-bg-opacity=\"1\" data-animation=\"\" data-delay=\"0\" >\n\t\t<div class=\"vc_column-inner\" >\n\t\t<div class=\"wpb_wrapper\">\n\t\t\t<div class=\"iwithtext\"><div class=\"iwt-icon\"> <i class=\"icon-default-style fa fa-whatsapp accent-color\"><\/i> <\/div><div class=\"iwt-text\"> \n<h3><a href=\"http:\/\/wa.me\/37126124119\" target=\"_blank\" rel=\"noopener\">+371 26124119<\/a><\/h3>\n <\/div><div class=\"clear\"><\/div><\/div><div class=\"iwithtext\"><div class=\"iwt-icon\"> <i class=\"icon-default-style fa fa-envelope-o accent-color\"><\/i> <\/div><div class=\"iwt-text\"> \n<h3><a href=\"mailto:anete@soulluxurytravel.com\" target=\"_blank\" rel=\"noopener\">anete@soulluxurytravel.com<\/a><\/h3>\n <\/div><div class=\"clear\"><\/div><\/div>\n\t\t<\/div> \n\t<\/div>\n\t<\/div> \n<\/div><\/div>\n\t\t\t<\/div> \n\t\t<\/div>\n\t<\/div> \n\n\t<div  class=\"vc_col-sm-6 wpb_column column_container vc_column_container col no-extra-padding el_spacing_0px inherit_tablet inherit_phone\"  data-padding-pos=\"all\" data-has-bg-color=\"false\" data-bg-color=\"\" data-bg-opacity=\"1\" data-animation=\"\" data-delay=\"0\" >\n\t\t<div class=\"vc_column-inner\" >\n\t\t\t<div class=\"wpb_wrapper\">\n\t\t\t\t<div id=\"fws_69f2a2220a690\" data-midnight=\"\" data-column-margin=\"default\" class=\"wpb_row vc_row-fluid vc_row inner_row  left_padding_20pct left_padding_tablet_10pct\"  style=\"\"><div class=\"row-bg-wrap\"> <div class=\"row-bg\" ><\/div> <\/div><div class=\"row_col_wrap_12_inner col span_12  left\">\n\t<div style=\"\" class=\"vc_col-sm-12 wpb_column column_container vc_column_container col child_column no-extra-padding inherit_tablet inherit_phone\"  data-using-bg=\"true\" data-bg-cover=\"true\" data-padding-pos=\"all\" data-has-bg-color=\"false\" data-bg-color=\"\" data-bg-opacity=\"1\" data-animation=\"\" data-delay=\"0\" >\n\t\t<div class=\"vc_column-inner\" ><div class=\"column-image-bg-wrap column-bg-layer viewport-desktop\" data-n-parallax-bg=\"true\" data-parallax-speed=\"very_subtle\" data-bg-pos=\"center center\" data-bg-animation=\"none\" data-bg-overlay=\"false\"><div class=\"inner-wrap\"><div class=\"column-image-bg parallax-layer\" style=\" background-image: url('https:\/\/soulluxurytravel.com\/wp-content\/uploads\/2024\/09\/JOALI-BEING-Retreat-Ocean-Sala-Aerial-_1450x1000px.jpg'); \"><\/div><\/div><\/div>\n\t\t<div class=\"wpb_wrapper\">\n\t\t\t<div class=\"divider-wrap height_tablet_70vh height_phone_60vh\" data-alignment=\"default\"><div style=\"height: 100vh;\" class=\"divider\"><\/div><\/div>\n\t\t<\/div> \n\t<\/div>\n\t<\/div> \n<\/div><\/div><div id=\"fws_69f2a2220b4a6\" data-midnight=\"\" data-column-margin=\"default\" class=\"wpb_row vc_row-fluid vc_row inner_row  min_width_desktop_40pct row_position_absolute top_position_desktop_50pct left_position_desktop_0px translate_y_-50pct\"  style=\" z-index: 50;\"><div class=\"row-bg-wrap\"> <div class=\"row-bg\" ><\/div> <\/div><div class=\"row_col_wrap_12_inner col span_12  left\">\n\t<div style=\"\" class=\"vc_col-sm-12 wpb_column column_container vc_column_container col child_column no-extra-padding inherit_tablet inherit_phone\"  data-using-bg=\"true\" data-shadow=\"x_large_depth\" data-padding-pos=\"all\" data-has-bg-color=\"false\" data-bg-color=\"\" data-bg-opacity=\"1\" data-animation=\"\" data-delay=\"0\" data-scroll-animation=\"true\" data-scroll-animation-movement=\"default\" data-scroll-animation-mobile=\"true\" data-scroll-animation-intensity=\"2.25\" >\n\t\t<div class=\"vc_column-inner\" ><div class=\"column-image-bg-wrap column-bg-layer viewport-desktop\" data-n-parallax-bg=\"true\" data-parallax-speed=\"very_subtle\" data-bg-pos=\"center top\" data-bg-animation=\"none\" data-bg-overlay=\"false\"><div class=\"inner-wrap\"><div class=\"column-image-bg parallax-layer\" style=\" background-image: url('https:\/\/soulluxurytravel.com\/wp-content\/uploads\/2024\/09\/IMG_5493-2-scaled.jpeg'); \"><\/div><\/div><\/div><div class=\"column-bg-overlay-wrap column-bg-layer\" data-bg-animation=\"none\"><div class=\"column-bg-overlay\"><\/div><\/div>\n\t\t<div class=\"wpb_wrapper\">\n\t\t\t<div class=\"divider-wrap height_tablet_40vh height_phone_35vh\" data-alignment=\"default\"><div style=\"height: 50vh;\" class=\"divider\"><\/div><\/div>\n\t\t<\/div> \n\t<\/div>\n\t<\/div> \n<\/div><\/div>\n\t\t\t<\/div> \n\t\t<\/div>\n\t<\/div> \n<\/div><\/div>","protected":false},"excerpt":{"rendered":"KONTAKTI Soul Luxury Travel SIA \"Soulluxurytravel\" Re\u0123. nr.: 40203614369 Dro\u0161\u012bba un garantijas: T\u016brisma a\u0123entu un t\u016brisma operatoru datu b\u0101zes biedrs, ar speci\u0101l\u0101s at\u013caujas numuru: TATO 2025-16, Ce\u013cojuma organizators, komplekso t\u016brisma...","protected":false},"author":1,"featured_media":104,"parent":0,"menu_order":0,"comment_status":"closed","ping_status":"closed","template":"","meta":{"footnotes":""},"class_list":["post-9","page","type-page","status-publish","has-post-thumbnail"],"yoast_head":"<!-- This site is optimized with the Yoast SEO plugin v27.1.1 - https:\/\/yoast.com\/product\/yoast-seo-wordpress\/ -->\n<title>Soul Luxury Travel - Mald\u012bvu salu ce\u013cojumu eksperti<\/title>\n<meta name=\"description\" content=\"Sazinieties ar Soul Luxury Travel - Luksusa ce\u013cojumu ekspertiem R\u012bg\u0101. Mald\u012bvu salas, Tanz\u0101nija un citi eksotiski galam\u0113r\u0137i.\" \/>\n<meta name=\"robots\" content=\"index, follow, max-snippet:-1, max-image-preview:large, max-video-preview:-1\" \/>\n<link rel=\"canonical\" href=\"https:\/\/soulluxurytravel.com\/en\/kontakti\/\" \/>\n<meta property=\"og:locale\" content=\"en_US\" \/>\n<meta property=\"og:type\" content=\"article\" \/>\n<meta property=\"og:title\" content=\"Soul Luxury Travel - Mald\u012bvu salu ce\u013cojumu eksperti\" \/>\n<meta property=\"og:description\" content=\"Sazinieties ar Soul Luxury Travel - Luksusa ce\u013cojumu ekspertiem R\u012bg\u0101. Mald\u012bvu salas, Tanz\u0101nija un citi eksotiski galam\u0113r\u0137i.\" \/>\n<meta property=\"og:url\" content=\"https:\/\/soulluxurytravel.com\/en\/kontakti\/\" \/>\n<meta property=\"og:site_name\" content=\"Soul Luxury Travel\" \/>\n<meta property=\"article:publisher\" content=\"https:\/\/www.facebook.com\/soulluxurytravel\" \/>\n<meta property=\"article:modified_time\" content=\"2026-03-13T08:09:04+00:00\" \/>\n<meta property=\"og:image\" content=\"https:\/\/soulluxurytravel.com\/wp-content\/uploads\/2021\/11\/mike-swigunski-NfFDxzd8IOo-unsplash-small.jpg\" \/>\n\t<meta property=\"og:image:width\" content=\"650\" \/>\n\t<meta property=\"og:image:height\" content=\"663\" \/>\n\t<meta property=\"og:image:type\" content=\"image\/jpeg\" \/>\n<meta name=\"twitter:card\" content=\"summary_large_image\" \/>\n<meta name=\"twitter:label1\" content=\"Est. reading time\" \/>\n\t<meta name=\"twitter:data1\" content=\"5 minutes\" \/>\n<script type=\"application\/ld+json\" class=\"yoast-schema-graph\">{\"@context\":\"https:\/\/schema.org\",\"@graph\":[{\"@type\":\"WebPage\",\"@id\":\"https:\/\/soulluxurytravel.com\/en\/kontakti\/\",\"url\":\"https:\/\/soulluxurytravel.com\/en\/kontakti\/\",\"name\":\"Soul Luxury Travel - Mald\u012bvu salu ce\u013cojumu eksperti\",\"isPartOf\":{\"@id\":\"https:\/\/soulluxurytravel.com\/en\/#website\"},\"primaryImageOfPage\":{\"@id\":\"https:\/\/soulluxurytravel.com\/en\/kontakti\/#primaryimage\"},\"image\":{\"@id\":\"https:\/\/soulluxurytravel.com\/en\/kontakti\/#primaryimage\"},\"thumbnailUrl\":\"https:\/\/soulluxurytravel.com\/wp-content\/uploads\/2021\/11\/mike-swigunski-NfFDxzd8IOo-unsplash-small.jpg\",\"datePublished\":\"2021-11-14T01:43:47+00:00\",\"dateModified\":\"2026-03-13T08:09:04+00:00\",\"description\":\"Sazinieties ar Soul Luxury Travel - Luksusa ce\u013cojumu ekspertiem R\u012bg\u0101. Mald\u012bvu salas, Tanz\u0101nija un citi eksotiski galam\u0113r\u0137i.\",\"breadcrumb\":{\"@id\":\"https:\/\/soulluxurytravel.com\/en\/kontakti\/#breadcrumb\"},\"inLanguage\":\"en-US\",\"potentialAction\":[{\"@type\":\"ReadAction\",\"target\":[\"https:\/\/soulluxurytravel.com\/en\/kontakti\/\"]}]},{\"@type\":\"ImageObject\",\"inLanguage\":\"en-US\",\"@id\":\"https:\/\/soulluxurytravel.com\/en\/kontakti\/#primaryimage\",\"url\":\"https:\/\/soulluxurytravel.com\/wp-content\/uploads\/2021\/11\/mike-swigunski-NfFDxzd8IOo-unsplash-small.jpg\",\"contentUrl\":\"https:\/\/soulluxurytravel.com\/wp-content\/uploads\/2021\/11\/mike-swigunski-NfFDxzd8IOo-unsplash-small.jpg\",\"width\":650,\"height\":663,\"caption\":\"Soul Luxury Travel - Mald\u012bvu salu ce\u013cojumu eksperti\"},{\"@type\":\"BreadcrumbList\",\"@id\":\"https:\/\/soulluxurytravel.com\/en\/kontakti\/#breadcrumb\",\"itemListElement\":[{\"@type\":\"ListItem\",\"position\":1,\"name\":\"Soul Luxury Travel\",\"item\":\"https:\/\/soulluxurytravel.com\/en\/\"},{\"@type\":\"ListItem\",\"position\":2,\"name\":\"Soul Luxury Travel &#8211; Mald\u012bvu salu ce\u013cojumu eksperti\"}]},{\"@type\":\"WebSite\",\"@id\":\"https:\/\/soulluxurytravel.com\/en\/#website\",\"url\":\"https:\/\/soulluxurytravel.com\/en\/\",\"name\":\"Soul Luxury Travel\",\"description\":\"Travel and live with your Soul\",\"publisher\":{\"@id\":\"https:\/\/soulluxurytravel.com\/en\/#organization\"},\"alternateName\":\"Soul Luxury Travel\",\"potentialAction\":[{\"@type\":\"SearchAction\",\"target\":{\"@type\":\"EntryPoint\",\"urlTemplate\":\"https:\/\/soulluxurytravel.com\/en\/?s={search_term_string}\"},\"query-input\":{\"@type\":\"PropertyValueSpecification\",\"valueRequired\":true,\"valueName\":\"search_term_string\"}}],\"inLanguage\":\"en-US\"},{\"@type\":\"Organization\",\"@id\":\"https:\/\/soulluxurytravel.com\/en\/#organization\",\"name\":\"Soul Luxury Travel\",\"alternateName\":\"Soul Luxury Travel\",\"url\":\"https:\/\/soulluxurytravel.com\/en\/\",\"logo\":{\"@type\":\"ImageObject\",\"inLanguage\":\"en-US\",\"@id\":\"https:\/\/soulluxurytravel.com\/en\/#\/schema\/logo\/image\/\",\"url\":\"https:\/\/soulluxurytravel.com\/wp-content\/uploads\/2024\/10\/cropped-Copy-of-Classy-Modern-Minimal-Name-Logo-4.png\",\"contentUrl\":\"https:\/\/soulluxurytravel.com\/wp-content\/uploads\/2024\/10\/cropped-Copy-of-Classy-Modern-Minimal-Name-Logo-4.png\",\"width\":512,\"height\":512,\"caption\":\"Soul Luxury Travel\"},\"image\":{\"@id\":\"https:\/\/soulluxurytravel.com\/en\/#\/schema\/logo\/image\/\"},\"sameAs\":[\"https:\/\/www.facebook.com\/soulluxurytravel\",\"https:\/\/www.instagram.com\/soulluxurytravel\/\"]}]}<\/script>\n<!-- \/ Yoast SEO plugin. -->","yoast_head_json":{"title":"Soul Luxury Travel - Mald\u012bvu salu ce\u013cojumu eksperti","description":"Sazinieties ar Soul Luxury Travel - Luksusa ce\u013cojumu ekspertiem R\u012bg\u0101. Mald\u012bvu salas, Tanz\u0101nija un citi eksotiski galam\u0113r\u0137i.","robots":{"index":"index","follow":"follow","max-snippet":"max-snippet:-1","max-image-preview":"max-image-preview:large","max-video-preview":"max-video-preview:-1"},"canonical":"https:\/\/soulluxurytravel.com\/en\/kontakti\/","og_locale":"en_US","og_type":"article","og_title":"Soul Luxury Travel - Mald\u012bvu salu ce\u013cojumu eksperti","og_description":"Sazinieties ar Soul Luxury Travel - Luksusa ce\u013cojumu ekspertiem R\u012bg\u0101. Mald\u012bvu salas, Tanz\u0101nija un citi eksotiski galam\u0113r\u0137i.","og_url":"https:\/\/soulluxurytravel.com\/en\/kontakti\/","og_site_name":"Soul Luxury Travel","article_publisher":"https:\/\/www.facebook.com\/soulluxurytravel","article_modified_time":"2026-03-13T08:09:04+00:00","og_image":[{"width":650,"height":663,"url":"https:\/\/soulluxurytravel.com\/wp-content\/uploads\/2021\/11\/mike-swigunski-NfFDxzd8IOo-unsplash-small.jpg","type":"image\/jpeg"}],"twitter_card":"summary_large_image","twitter_misc":{"Est. reading time":"5 minutes"},"schema":{"@context":"https:\/\/schema.org","@graph":[{"@type":"WebPage","@id":"https:\/\/soulluxurytravel.com\/en\/kontakti\/","url":"https:\/\/soulluxurytravel.com\/en\/kontakti\/","name":"Soul Luxury Travel - Mald\u012bvu salu ce\u013cojumu eksperti","isPartOf":{"@id":"https:\/\/soulluxurytravel.com\/en\/#website"},"primaryImageOfPage":{"@id":"https:\/\/soulluxurytravel.com\/en\/kontakti\/#primaryimage"},"image":{"@id":"https:\/\/soulluxurytravel.com\/en\/kontakti\/#primaryimage"},"thumbnailUrl":"https:\/\/soulluxurytravel.com\/wp-content\/uploads\/2021\/11\/mike-swigunski-NfFDxzd8IOo-unsplash-small.jpg","datePublished":"2021-11-14T01:43:47+00:00","dateModified":"2026-03-13T08:09:04+00:00","description":"Sazinieties ar Soul Luxury Travel - Luksusa ce\u013cojumu ekspertiem R\u012bg\u0101. Mald\u012bvu salas, Tanz\u0101nija un citi eksotiski galam\u0113r\u0137i.","breadcrumb":{"@id":"https:\/\/soulluxurytravel.com\/en\/kontakti\/#breadcrumb"},"inLanguage":"en-US","potentialAction":[{"@type":"ReadAction","target":["https:\/\/soulluxurytravel.com\/en\/kontakti\/"]}]},{"@type":"ImageObject","inLanguage":"en-US","@id":"https:\/\/soulluxurytravel.com\/en\/kontakti\/#primaryimage","url":"https:\/\/soulluxurytravel.com\/wp-content\/uploads\/2021\/11\/mike-swigunski-NfFDxzd8IOo-unsplash-small.jpg","contentUrl":"https:\/\/soulluxurytravel.com\/wp-content\/uploads\/2021\/11\/mike-swigunski-NfFDxzd8IOo-unsplash-small.jpg","width":650,"height":663,"caption":"Soul Luxury Travel - Mald\u012bvu salu ce\u013cojumu eksperti"},{"@type":"BreadcrumbList","@id":"https:\/\/soulluxurytravel.com\/en\/kontakti\/#breadcrumb","itemListElement":[{"@type":"ListItem","position":1,"name":"Soul Luxury Travel","item":"https:\/\/soulluxurytravel.com\/en\/"},{"@type":"ListItem","position":2,"name":"Soul Luxury Travel &#8211; Mald\u012bvu salu ce\u013cojumu eksperti"}]},{"@type":"WebSite","@id":"https:\/\/soulluxurytravel.com\/en\/#website","url":"https:\/\/soulluxurytravel.com\/en\/","name":"Soul Luxury Travel","description":"Travel and live with your Soul","publisher":{"@id":"https:\/\/soulluxurytravel.com\/en\/#organization"},"alternateName":"Soul Luxury Travel","potentialAction":[{"@type":"SearchAction","target":{"@type":"EntryPoint","urlTemplate":"https:\/\/soulluxurytravel.com\/en\/?s={search_term_string}"},"query-input":{"@type":"PropertyValueSpecification","valueRequired":true,"valueName":"search_term_string"}}],"inLanguage":"en-US"},{"@type":"Organization","@id":"https:\/\/soulluxurytravel.com\/en\/#organization","name":"Soul Luxury Travel","alternateName":"Soul Luxury Travel","url":"https:\/\/soulluxurytravel.com\/en\/","logo":{"@type":"ImageObject","inLanguage":"en-US","@id":"https:\/\/soulluxurytravel.com\/en\/#\/schema\/logo\/image\/","url":"https:\/\/soulluxurytravel.com\/wp-content\/uploads\/2024\/10\/cropped-Copy-of-Classy-Modern-Minimal-Name-Logo-4.png","contentUrl":"https:\/\/soulluxurytravel.com\/wp-content\/uploads\/2024\/10\/cropped-Copy-of-Classy-Modern-Minimal-Name-Logo-4.png","width":512,"height":512,"caption":"Soul Luxury Travel"},"image":{"@id":"https:\/\/soulluxurytravel.com\/en\/#\/schema\/logo\/image\/"},"sameAs":["https:\/\/www.facebook.com\/soulluxurytravel","https:\/\/www.instagram.com\/soulluxurytravel\/"]}]}},"_links":{"self":[{"href":"https:\/\/soulluxurytravel.com\/en\/wp-json\/wp\/v2\/pages\/9","targetHints":{"allow":["GET"]}}],"collection":[{"href":"https:\/\/soulluxurytravel.com\/en\/wp-json\/wp\/v2\/pages"}],"about":[{"href":"https:\/\/soulluxurytravel.com\/en\/wp-json\/wp\/v2\/types\/page"}],"author":[{"embeddable":true,"href":"https:\/\/soulluxurytravel.com\/en\/wp-json\/wp\/v2\/users\/1"}],"replies":[{"embeddable":true,"href":"https:\/\/soulluxurytravel.com\/en\/wp-json\/wp\/v2\/comments?post=9"}],"version-history":[{"count":38,"href":"https:\/\/soulluxurytravel.com\/en\/wp-json\/wp\/v2\/pages\/9\/revisions"}],"predecessor-version":[{"id":1426,"href":"https:\/\/soulluxurytravel.com\/en\/wp-json\/wp\/v2\/pages\/9\/revisions\/1426"}],"wp:featuredmedia":[{"embeddable":true,"href":"https:\/\/soulluxurytravel.com\/en\/wp-json\/wp\/v2\/media\/104"}],"wp:attachment":[{"href":"https:\/\/soulluxurytravel.com\/en\/wp-json\/wp\/v2\/media?parent=9"}],"curies":[{"name":"wp","href":"https:\/\/api.w.org\/{rel}","templated":true}]}}